{"id":135,"date":"2023-06-01T15:33:52","date_gmt":"2023-06-01T13:33:52","guid":{"rendered":"https:\/\/regio.julis.de\/diepholz\/?page_id=135"},"modified":"2023-08-09T17:32:08","modified_gmt":"2023-08-09T15:32:08","slug":"impressum","status":"publish","type":"page","link":"https:\/\/regio.julis.de\/diepholz\/impressum\/","title":{"rendered":"Impressum"},"content":{"rendered":"\t\t<div data-elementor-type=\"wp-page\" data-elementor-id=\"135\" class=\"elementor elementor-135\" data-elementor-post-type=\"page\">\n\t\t\t\t\t\t<section class=\"elementor-section elementor-top-section elementor-element elementor-element-4807b3a elementor-section-boxed elementor-section-height-default elementor-section-height-default\" data-id=\"4807b3a\" data-element_type=\"section\" data-e-type=\"section\">\n\t\t\t\t\t\t<div class=\"elementor-container elementor-column-gap-default\">\n\t\t\t\t\t<div class=\"elementor-column elementor-col-100 elementor-top-column elementor-element elementor-element-692560a\" data-id=\"692560a\" data-element_type=\"column\" data-e-type=\"column\">\n\t\t\t<div class=\"elementor-widget-wrap elementor-element-populated\">\n\t\t\t\t\t\t<div class=\"elementor-element elementor-element-bd2c168 elementor-widget elementor-widget-heading\" data-id=\"bd2c168\" data-element_type=\"widget\" data-e-type=\"widget\" data-widget_type=\"heading.default\">\n\t\t\t\t<div class=\"elementor-widget-container\">\n\t\t\t\t\t<h1 class=\"elementor-heading-title elementor-size-default\">Impressum<\/h1>\t\t\t\t<\/div>\n\t\t\t\t<\/div>\n\t\t\t\t<div class=\"elementor-element elementor-element-e129d73 elementor-widget__width-initial elementor-widget elementor-widget-text-editor\" data-id=\"e129d73\" data-element_type=\"widget\" data-e-type=\"widget\" data-widget_type=\"text-editor.default\">\n\t\t\t\t<div class=\"elementor-widget-container\">\n\t\t\t\t\t\t\t\t\t<p><span class=\"notion-enable-hover\" data-token-index=\"0\">ANGABEN GEM\u00c4SS \u00a75 TELEMEDIENGESETZ (TMG)<\/span><\/p><p>Junge Liberale e. V.<\/p><p>Reinhardtstra\u00dfe 14<\/p><p>10117 Berlin<\/p><h3>\u00a0<\/h3><h3><strong>VERTRETEN DURCH<\/strong><\/h3><p>Franziska Brandmann (Bundesvorsitzende)<\/p><h3>\u00a0<\/h3><h3><strong>KONTAKT<\/strong><\/h3><p>Telefon: +49 (0)30 \u2013 68078550<\/p><p>Telefax: +49 (0)30 \u2013 680785522<\/p><p>E-Mail:\u00a0<a href=\"mailto:info@julis.de\">info@julis.de<\/a><\/p><h3>\u00a0<\/h3><h3><strong>REGISTEREINTRAG<\/strong><\/h3><p>Eintragung im Vereinsregister.<\/p><p>Registergericht: Amtsgericht Berlin-Charlottenburg<\/p><p>Registernummer: 19305<\/p><h3>\u00a0<\/h3><h3><strong>VERANTWORTLICH\u00a0F\u00dcR DEN INHALT NACH \u00a7 55 ABS. 2 RSTV<\/strong><\/h3><p>Franziska Brandmann<\/p><p>Reinhardtstra\u00dfe 14<\/p><p>10117 Berlin<\/p><h3>\u00a0<\/h3><h3><strong>QUELLENANGABEN F\u00dcR DIE VERWENDETEN BILDER UND GRAFIKEN<\/strong><\/h3><p>Alle auf dieser Seite verwendeten Bilder und Grafiken unterliegen \u2013 sofern nicht explizit anders gekennzeichnet \u2013 der CC0-Lizenz. Sie sind f\u00fcr die pers\u00f6nliche und kommerzielle Nutzung ohne die Angabe von Quellen freigegeben. Auf eine Nennung der Quellen wurde deshalb verzichtet.<\/p><h3>\u00a0<\/h3><h3><strong>REALISIERUNG<\/strong><\/h3><p><strong>Design &amp; technische Umsetzung:<\/strong>\u00a0<a href=\"https:\/\/markenvonfreunden.de\">Marken von Freunden<\/a> &amp; <a href=\"https:\/\/vereda.de\">Vereda<\/a><\/p><p><strong>Hosting:<\/strong>\u00a0<a href=\"https:\/\/kinsta.com\">Kinsta<\/a><\/p><p><strong>Content Management System:<\/strong>\u00a0<a href=\"https:\/\/wordpress.com\">WordPress<\/a><\/p><p><strong>Technischer Ansprechpartner:<\/strong>\u00a0Piet Schwarz (IT-Beauftragter der JuLis, eMail:\u00a0<a href=\"mailto:schwarz@julis.de\">schwarz@julis.de<\/a>)<\/p><h2>\u00a0<\/h2><h2><strong>HAFTUNGSAUSSCHLUSS<\/strong><\/h2><h3>\u00a0<\/h3><h3><strong>HAFTUNG F\u00dcR INHALTE<\/strong><\/h3><p>Die Inhalte unserer Seiten wurden mit gr\u00f6\u00dfter Sorgfalt erstellt. F\u00fcr die Richtigkeit, Vollst\u00e4ndigkeit und Aktualit\u00e4t der Inhalte k\u00f6nnen wir jedoch keine Gew\u00e4hr \u00fcbernehmen. Als Diensteanbieter sind wir gem\u00e4\u00df \u00a7 7 Abs.1 TMG f\u00fcr eigene Inhalte auf diesen Seiten nach den allgemeinen Gesetzen verantwortlich. Nach \u00a7\u00a7 8 bis 10 TMG sind wir als Diensteanbieter jedoch nicht verpflichtet, \u00fcbermittelte oder gespeicherte fremde Informationen zu \u00fcberwachen oder nach Umst\u00e4nden zu forschen, die auf eine rechtswidrige T\u00e4tigkeit hinweisen. Verpflichtungen zur Entfernung oder Sperrung der Nutzung von Informationen nach den allgemeinen Gesetzen bleiben hiervon unber\u00fchrt. Eine diesbez\u00fcgliche Haftung ist jedoch erst ab dem Zeitpunkt der Kenntnis einer konkreten Rechtsverletzung m\u00f6glich. Bei Bekanntwerden von entsprechenden Rechtsverletzungen werden wir diese Inhalte umgehend entfernen.<\/p><h3><strong>\u00a0<\/strong><\/h3><h3><strong>HAFTUNG F\u00dcR LINKS<\/strong><\/h3><p>Unser Angebot enth\u00e4lt Links zu externen Webseiten Dritter, auf deren Inhalte wir keinen Einfluss haben. Deshalb k\u00f6nnen wir f\u00fcr diese fremden Inhalte auch keine Gew\u00e4hr \u00fcbernehmen. F\u00fcr die Inhalte der verlinkten Seiten ist stets der jeweilige Anbieter oder Betreiber der Seiten verantwortlich. Die verlinkten Seiten wurden zum Zeitpunkt der Verlinkung auf m\u00f6gliche Rechtsverst\u00f6\u00dfe \u00fcberpr\u00fcft. Rechtswidrige Inhalte waren zum Zeitpunkt der Verlinkung nicht erkennbar. Eine permanente inhaltliche Kontrolle der verlinkten Seiten ist jedoch ohne konkrete Anhaltspunkte einer Rechtsverletzung nicht zumutbar. Bei Bekanntwerden von Rechtsverletzungen werden wir derartige Links umgehend entfernen.<\/p><h3><strong>\u00a0<\/strong><\/h3><h3><strong>URHEBERRECHT<\/strong><\/h3><p>Die durch die Seitenbetreiber erstellten Inhalte und Werke auf diesen Seiten unterliegen dem deutschen Urheberrecht. Die Vervielf\u00e4ltigung, Bearbeitung, Verbreitung und jede Art der Verwertung au\u00dferhalb der Grenzen des Urheberrechtes bed\u00fcrfen der schriftlichen Zustimmung des jeweiligen Autors bzw. Erstellers. Downloads und Kopien dieser Seite sind nur f\u00fcr den privaten, nicht kommerziellen Gebrauch gestattet. Soweit die Inhalte auf dieser Seite nicht vom Betreiber erstellt wurden, werden die Urheberrechte Dritter beachtet. Insbesondere werden Inhalte Dritter als solche gekennzeichnet. Sollten Sie trotzdem auf eine Urheberrechtsverletzung aufmerksam werden, bitten wir um einen entsprechenden Hinweis. Bei Bekanntwerden von Rechtsverletzungen werden wir derartige Inhalte umgehend entfernen.<\/p><h3><strong>\u00a0<\/strong><\/h3><h3><strong>STREITBEILEGUNG<\/strong><\/h3><ol><li><p>Eventuelle Streitigkeiten m\u00f6chten wir gerne einvernehmlich l\u00f6sen und pr\u00e4ferieren daher die direkte Kommunikation in einem solchem Fall.<\/p><\/li><li><p>Zur Teilnahme am Streitschlichtungsverfahren sind wir nicht verpflichtet, weisen aber trotzdem auf die <a href=\"http:\/\/ec.europa.eu\/consumers\/odr\/\">Plattform der Europ\u00e4ischen Kommission zur Online-Streitbeilegung<\/a> hin.<\/p><\/li><\/ol><h3><strong>\u00a0<\/strong><\/h3><h3><strong>DATENSCHUTZERKL\u00c4RUNG<\/strong><\/h3><p>Unsere Datenschutzerkl\u00e4rung findest du\u00a0<a href=\"https:\/\/regio.julis.de\/diepholz\/datenschutzerklaerung\/\">hier<\/a>.<\/p><p><em>Quellenverweise: Dieses Impressum sowie der Haftungsausschluss wurden mit dem Impressum-Generator der Kanzlei Siebert sowie den nachfolgend genannten bzw. verlinkten Quellen erstellt (<a href=\"http:\/\/www.e-recht24.de\/muster-disclaimer.htm\">Disclaimer eRecht24<\/a>;\u00a0<a href=\"http:\/\/www.e-recht24.de\/artikel\/datenschutz\/6590-facebook-like-button-datenschutz-disclaimer.html\">Facebook Disclaimer<\/a>;\u00a0<a href=\"http:\/\/twitter.com\/privacy\">Datenschutzerkl\u00e4rung f\u00fcr Twitter<\/a>;\u00a0<a href=\"https:\/\/www.trafficmaxx.de\/blog\/google\/google-remarketing-rechtssicher-verwenden-beispiel-fuer-eine-datenschutzerklaerung\">Datenschutzerkl\u00e4rung f\u00fcr Google Remarketing<\/a>).<\/em><\/p>\t\t\t\t\t\t\t\t<\/div>\n\t\t\t\t<\/div>\n\t\t\t\t\t<\/div>\n\t\t<\/div>\n\t\t\t\t\t<\/div>\n\t\t<\/section>\n\t\t\t\t<\/div>\n\t\t","protected":false},"excerpt":{"rendered":"<p>Impressum ANGABEN GEM\u00c4SS \u00a75 TELEMEDIENGESETZ (TMG) Junge Liberale e. V. Reinhardtstra\u00dfe 14 10117 Berlin &nbsp; VERTRETEN DURCH Franziska Brandmann (Bundesvorsitzende) &nbsp; KONTAKT Telefon: +49 (0)30 \u2013 68078550 Telefax: +49 (0)30 \u2013 680785522 E-Mail:&nbsp;info@julis.de &nbsp; REGISTEREINTRAG Eintragung im Vereinsregister. Registergericht: Amtsgericht Berlin-Charlottenburg Registernummer: 19305 &nbsp; VERANTWORTLICH&nbsp;F\u00dcR DEN INHALT NACH \u00a7 55 ABS. 2 RSTV Franziska Brandmann [&hellip;]<\/p>\n","protected":false},"author":4,"featured_media":0,"parent":0,"menu_order":0,"comment_status":"closed","ping_status":"closed","template":"","meta":{"footnotes":""},"class_list":["post-135","page","type-page","status-publish","hentry"],"yoast_head":"<!-- This site is optimized with the Yoast SEO plugin v27.3 - https:\/\/yoast.com\/product\/yoast-seo-wordpress\/ -->\n<title>Impressum - junge liberale Diepholz<\/title>\n<meta name=\"robots\" content=\"noindex, follow\" \/>\n<meta property=\"og:locale\" content=\"de_DE\" \/>\n<meta property=\"og:type\" content=\"article\" \/>\n<meta property=\"og:title\" content=\"Impressum - junge liberale Diepholz\" \/>\n<meta property=\"og:description\" content=\"Impressum ANGABEN GEM\u00c4SS \u00a75 TELEMEDIENGESETZ (TMG) Junge Liberale e. V. Reinhardtstra\u00dfe 14 10117 Berlin &nbsp; VERTRETEN DURCH Franziska Brandmann (Bundesvorsitzende) &nbsp; KONTAKT Telefon: +49 (0)30 \u2013 68078550 Telefax: +49 (0)30 \u2013 680785522 E-Mail:&nbsp;info@julis.de &nbsp; REGISTEREINTRAG Eintragung im Vereinsregister. Registergericht: Amtsgericht Berlin-Charlottenburg Registernummer: 19305 &nbsp; VERANTWORTLICH&nbsp;F\u00dcR DEN INHALT NACH \u00a7 55 ABS. 2 RSTV Franziska Brandmann [&hellip;]\" \/>\n<meta property=\"og:url\" content=\"https:\/\/regio.julis.de\/diepholz\/impressum\/\" \/>\n<meta property=\"og:site_name\" content=\"junge liberale Diepholz\" \/>\n<meta property=\"article:modified_time\" content=\"2023-08-09T15:32:08+00:00\" \/>\n<meta name=\"twitter:card\" content=\"summary_large_image\" \/>\n<meta name=\"twitter:label1\" content=\"Gesch\u00e4tzte Lesezeit\" \/>\n\t<meta name=\"twitter:data1\" content=\"3\u00a0Minuten\" \/>\n<script type=\"application\/ld+json\" class=\"yoast-schema-graph\">{\"@context\":\"https:\\\/\\\/schema.org\",\"@graph\":[{\"@type\":\"WebPage\",\"@id\":\"https:\\\/\\\/regio.julis.de\\\/diepholz\\\/impressum\\\/\",\"url\":\"https:\\\/\\\/regio.julis.de\\\/diepholz\\\/impressum\\\/\",\"name\":\"Impressum - junge liberale Diepholz\",\"isPartOf\":{\"@id\":\"https:\\\/\\\/regio.julis.de\\\/diepholz\\\/#website\"},\"datePublished\":\"2023-06-01T13:33:52+00:00\",\"dateModified\":\"2023-08-09T15:32:08+00:00\",\"breadcrumb\":{\"@id\":\"https:\\\/\\\/regio.julis.de\\\/diepholz\\\/impressum\\\/#breadcrumb\"},\"inLanguage\":\"de\",\"potentialAction\":[{\"@type\":\"ReadAction\",\"target\":[\"https:\\\/\\\/regio.julis.de\\\/diepholz\\\/impressum\\\/\"]}]},{\"@type\":\"BreadcrumbList\",\"@id\":\"https:\\\/\\\/regio.julis.de\\\/diepholz\\\/impressum\\\/#breadcrumb\",\"itemListElement\":[{\"@type\":\"ListItem\",\"position\":1,\"name\":\"Startseite\",\"item\":\"https:\\\/\\\/regio.julis.de\\\/diepholz\\\/\"},{\"@type\":\"ListItem\",\"position\":2,\"name\":\"Impressum\"}]},{\"@type\":\"WebSite\",\"@id\":\"https:\\\/\\\/regio.julis.de\\\/diepholz\\\/#website\",\"url\":\"https:\\\/\\\/regio.julis.de\\\/diepholz\\\/\",\"name\":\"junge liberale Diepholz\",\"description\":\"Deine Vertretung in der deutschen Politk\",\"publisher\":{\"@id\":\"https:\\\/\\\/regio.julis.de\\\/diepholz\\\/#organization\"},\"potentialAction\":[{\"@type\":\"SearchAction\",\"target\":{\"@type\":\"EntryPoint\",\"urlTemplate\":\"https:\\\/\\\/regio.julis.de\\\/diepholz\\\/?s={search_term_string}\"},\"query-input\":{\"@type\":\"PropertyValueSpecification\",\"valueRequired\":true,\"valueName\":\"search_term_string\"}}],\"inLanguage\":\"de\"},{\"@type\":\"Organization\",\"@id\":\"https:\\\/\\\/regio.julis.de\\\/diepholz\\\/#organization\",\"name\":\"junge liberale Diepholz\",\"url\":\"https:\\\/\\\/regio.julis.de\\\/diepholz\\\/\",\"logo\":{\"@type\":\"ImageObject\",\"inLanguage\":\"de\",\"@id\":\"https:\\\/\\\/regio.julis.de\\\/diepholz\\\/#\\\/schema\\\/logo\\\/image\\\/\",\"url\":\"https:\\\/\\\/regio.julis.de\\\/diepholz\\\/wp-content\\\/uploads\\\/sites\\\/19\\\/2022\\\/06\\\/230508_Logo_YaufM_RGB.svg\",\"contentUrl\":\"https:\\\/\\\/regio.julis.de\\\/diepholz\\\/wp-content\\\/uploads\\\/sites\\\/19\\\/2022\\\/06\\\/230508_Logo_YaufM_RGB.svg\",\"width\":680,\"height\":507,\"caption\":\"junge liberale Diepholz\"},\"image\":{\"@id\":\"https:\\\/\\\/regio.julis.de\\\/diepholz\\\/#\\\/schema\\\/logo\\\/image\\\/\"}}]}<\/script>\n<!-- \/ Yoast SEO plugin. -->","yoast_head_json":{"title":"Impressum - junge liberale Diepholz","robots":{"index":"noindex","follow":"follow"},"og_locale":"de_DE","og_type":"article","og_title":"Impressum - junge liberale Diepholz","og_description":"Impressum ANGABEN GEM\u00c4SS \u00a75 TELEMEDIENGESETZ (TMG) Junge Liberale e. V. Reinhardtstra\u00dfe 14 10117 Berlin &nbsp; VERTRETEN DURCH Franziska Brandmann (Bundesvorsitzende) &nbsp; KONTAKT Telefon: +49 (0)30 \u2013 68078550 Telefax: +49 (0)30 \u2013 680785522 E-Mail:&nbsp;info@julis.de &nbsp; REGISTEREINTRAG Eintragung im Vereinsregister. Registergericht: Amtsgericht Berlin-Charlottenburg Registernummer: 19305 &nbsp; VERANTWORTLICH&nbsp;F\u00dcR DEN INHALT NACH \u00a7 55 ABS. 2 RSTV Franziska Brandmann [&hellip;]","og_url":"https:\/\/regio.julis.de\/diepholz\/impressum\/","og_site_name":"junge liberale Diepholz","article_modified_time":"2023-08-09T15:32:08+00:00","twitter_card":"summary_large_image","twitter_misc":{"Gesch\u00e4tzte Lesezeit":"3\u00a0Minuten"},"schema":{"@context":"https:\/\/schema.org","@graph":[{"@type":"WebPage","@id":"https:\/\/regio.julis.de\/diepholz\/impressum\/","url":"https:\/\/regio.julis.de\/diepholz\/impressum\/","name":"Impressum - junge liberale Diepholz","isPartOf":{"@id":"https:\/\/regio.julis.de\/diepholz\/#website"},"datePublished":"2023-06-01T13:33:52+00:00","dateModified":"2023-08-09T15:32:08+00:00","breadcrumb":{"@id":"https:\/\/regio.julis.de\/diepholz\/impressum\/#breadcrumb"},"inLanguage":"de","potentialAction":[{"@type":"ReadAction","target":["https:\/\/regio.julis.de\/diepholz\/impressum\/"]}]},{"@type":"BreadcrumbList","@id":"https:\/\/regio.julis.de\/diepholz\/impressum\/#breadcrumb","itemListElement":[{"@type":"ListItem","position":1,"name":"Startseite","item":"https:\/\/regio.julis.de\/diepholz\/"},{"@type":"ListItem","position":2,"name":"Impressum"}]},{"@type":"WebSite","@id":"https:\/\/regio.julis.de\/diepholz\/#website","url":"https:\/\/regio.julis.de\/diepholz\/","name":"junge liberale Diepholz","description":"Deine Vertretung in der deutschen Politk","publisher":{"@id":"https:\/\/regio.julis.de\/diepholz\/#organization"},"potentialAction":[{"@type":"SearchAction","target":{"@type":"EntryPoint","urlTemplate":"https:\/\/regio.julis.de\/diepholz\/?s={search_term_string}"},"query-input":{"@type":"PropertyValueSpecification","valueRequired":true,"valueName":"search_term_string"}}],"inLanguage":"de"},{"@type":"Organization","@id":"https:\/\/regio.julis.de\/diepholz\/#organization","name":"junge liberale Diepholz","url":"https:\/\/regio.julis.de\/diepholz\/","logo":{"@type":"ImageObject","inLanguage":"de","@id":"https:\/\/regio.julis.de\/diepholz\/#\/schema\/logo\/image\/","url":"https:\/\/regio.julis.de\/diepholz\/wp-content\/uploads\/sites\/19\/2022\/06\/230508_Logo_YaufM_RGB.svg","contentUrl":"https:\/\/regio.julis.de\/diepholz\/wp-content\/uploads\/sites\/19\/2022\/06\/230508_Logo_YaufM_RGB.svg","width":680,"height":507,"caption":"junge liberale Diepholz"},"image":{"@id":"https:\/\/regio.julis.de\/diepholz\/#\/schema\/logo\/image\/"}}]}},"_links":{"self":[{"href":"https:\/\/regio.julis.de\/diepholz\/wp-json\/wp\/v2\/pages\/135","targetHints":{"allow":["GET"]}}],"collection":[{"href":"https:\/\/regio.julis.de\/diepholz\/wp-json\/wp\/v2\/pages"}],"about":[{"href":"https:\/\/regio.julis.de\/diepholz\/wp-json\/wp\/v2\/types\/page"}],"author":[{"embeddable":true,"href":"https:\/\/regio.julis.de\/diepholz\/wp-json\/wp\/v2\/users\/4"}],"replies":[{"embeddable":true,"href":"https:\/\/regio.julis.de\/diepholz\/wp-json\/wp\/v2\/comments?post=135"}],"version-history":[{"count":0,"href":"https:\/\/regio.julis.de\/diepholz\/wp-json\/wp\/v2\/pages\/135\/revisions"}],"wp:attachment":[{"href":"https:\/\/regio.julis.de\/diepholz\/wp-json\/wp\/v2\/media?parent=135"}],"curies":[{"name":"wp","href":"https:\/\/api.w.org\/{rel}","templated":true}]}}