{"id":18053,"date":"2023-06-30T10:03:49","date_gmt":"2023-06-30T08:03:49","guid":{"rendered":"https:\/\/regio.julis.de\/ahrweiler\/?page_id=18053"},"modified":"2024-02-17T20:56:21","modified_gmt":"2024-02-17T19:56:21","slug":"kontakt","status":"publish","type":"page","link":"https:\/\/regio.julis.de\/ahrweiler\/kontakt\/","title":{"rendered":"Kontakt"},"content":{"rendered":"\t\t<div data-elementor-type=\"wp-page\" data-elementor-id=\"18053\" class=\"elementor elementor-18053\" data-elementor-post-type=\"page\">\n\t\t\t\t\t\t<section class=\"elementor-section elementor-top-section elementor-element elementor-element-2ecc8c77 elementor-section-boxed elementor-section-height-default elementor-section-height-default\" data-id=\"2ecc8c77\" data-element_type=\"section\" data-e-type=\"section\">\n\t\t\t\t\t\t<div class=\"elementor-container elementor-column-gap-default\">\n\t\t\t\t\t<div class=\"elementor-column elementor-col-100 elementor-top-column elementor-element elementor-element-7490047\" data-id=\"7490047\" data-element_type=\"column\" data-e-type=\"column\">\n\t\t\t<div class=\"elementor-widget-wrap elementor-element-populated\">\n\t\t\t\t\t\t<div class=\"elementor-element elementor-element-2c53b9b8 e-transform elementor-widget elementor-widget-button\" data-id=\"2c53b9b8\" data-element_type=\"widget\" data-e-type=\"widget\" data-settings=\"{&quot;_animation&quot;:&quot;none&quot;,&quot;_transform_rotateZ_effect&quot;:{&quot;unit&quot;:&quot;px&quot;,&quot;size&quot;:&quot;-7&quot;,&quot;sizes&quot;:[]},&quot;_transform_rotateZ_effect_tablet&quot;:{&quot;unit&quot;:&quot;deg&quot;,&quot;size&quot;:&quot;&quot;,&quot;sizes&quot;:[]},&quot;_transform_rotateZ_effect_mobile&quot;:{&quot;unit&quot;:&quot;deg&quot;,&quot;size&quot;:&quot;&quot;,&quot;sizes&quot;:[]}}\" data-widget_type=\"button.default\">\n\t\t\t\t<div class=\"elementor-widget-container\">\n\t\t\t\t\t\t\t\t\t<div class=\"elementor-button-wrapper\">\n\t\t\t\t\t<a class=\"elementor-button elementor-size-sm\" role=\"button\">\n\t\t\t\t\t\t<span class=\"elementor-button-content-wrapper\">\n\t\t\t\t\t\t\t\t\t<span class=\"elementor-button-text\">Kontakt<\/span>\n\t\t\t\t\t<\/span>\n\t\t\t\t\t<\/a>\n\t\t\t\t<\/div>\n\t\t\t\t\t\t\t\t<\/div>\n\t\t\t\t<\/div>\n\t\t\t\t<div class=\"elementor-element elementor-element-6127f601 e-transform elementor-widget__width-initial elementor-widget elementor-widget-heading\" data-id=\"6127f601\" data-element_type=\"widget\" data-e-type=\"widget\" data-settings=\"{&quot;_transform_rotateZ_effect&quot;:{&quot;unit&quot;:&quot;px&quot;,&quot;size&quot;:&quot;-7&quot;,&quot;sizes&quot;:[]},&quot;_transform_rotateZ_effect_tablet&quot;:{&quot;unit&quot;:&quot;deg&quot;,&quot;size&quot;:&quot;&quot;,&quot;sizes&quot;:[]},&quot;_transform_rotateZ_effect_mobile&quot;:{&quot;unit&quot;:&quot;deg&quot;,&quot;size&quot;:&quot;&quot;,&quot;sizes&quot;:[]}}\" data-widget_type=\"heading.default\">\n\t\t\t\t<div class=\"elementor-widget-container\">\n\t\t\t\t\t<h2 class=\"elementor-heading-title elementor-size-default\">Dein direkter Draht zu uns!<\/h2>\t\t\t\t<\/div>\n\t\t\t\t<\/div>\n\t\t\t\t\t<\/div>\n\t\t<\/div>\n\t\t\t\t\t<\/div>\n\t\t<\/section>\n\t\t\t\t<section class=\"elementor-section elementor-top-section elementor-element elementor-element-fd2071e elementor-section-boxed elementor-section-height-default elementor-section-height-default\" data-id=\"fd2071e\" data-element_type=\"section\" data-e-type=\"section\" id=\"soft-yellow-section\">\n\t\t\t\t\t\t<div class=\"elementor-container elementor-column-gap-default\">\n\t\t\t\t\t<div class=\"elementor-column elementor-col-100 elementor-top-column elementor-element elementor-element-98b22ad\" data-id=\"98b22ad\" data-element_type=\"column\" data-e-type=\"column\">\n\t\t\t<div class=\"elementor-widget-wrap elementor-element-populated\">\n\t\t\t\t\t\t<div class=\"elementor-element elementor-element-d326206 elementor-icon-list--layout-inline elementor-list-item-link-full_width elementor-widget elementor-widget-icon-list\" data-id=\"d326206\" data-element_type=\"widget\" data-e-type=\"widget\" data-widget_type=\"icon-list.default\">\n\t\t\t\t<div class=\"elementor-widget-container\">\n\t\t\t\t\t\t\t<ul class=\"elementor-icon-list-items elementor-inline-items\">\n\t\t\t\t\t\t\t<li class=\"elementor-icon-list-item elementor-inline-item\">\n\t\t\t\t\t\t\t\t\t\t\t<span class=\"elementor-icon-list-icon\">\n\t\t\t\t\t\t\t<i aria-hidden=\"true\" class=\"fas fa-phone\"><\/i>\t\t\t\t\t\t<\/span>\n\t\t\t\t\t\t\t\t\t\t<span class=\"elementor-icon-list-text\">+49 1578 5065098<\/span>\n\t\t\t\t\t\t\t\t\t<\/li>\n\t\t\t\t\t\t\t\t<li class=\"elementor-icon-list-item elementor-inline-item\">\n\t\t\t\t\t\t\t\t\t\t\t<span class=\"elementor-icon-list-icon\">\n\t\t\t\t\t\t\t<i aria-hidden=\"true\" class=\"fas fa-mail-bulk\"><\/i>\t\t\t\t\t\t<\/span>\n\t\t\t\t\t\t\t\t\t\t<span class=\"elementor-icon-list-text\">ahrweiler@julisrlp.de<\/span>\n\t\t\t\t\t\t\t\t\t<\/li>\n\t\t\t\t\t\t<\/ul>\n\t\t\t\t\t\t<\/div>\n\t\t\t\t<\/div>\n\t\t\t\t<div class=\"elementor-element elementor-element-24509043 elementor-widget elementor-widget-text-editor\" data-id=\"24509043\" data-element_type=\"widget\" data-e-type=\"widget\" data-widget_type=\"text-editor.default\">\n\t\t\t\t<div class=\"elementor-widget-container\">\n\t\t\t\t\t\t\t\t\t<p>Du interessierst Dich f\u00fcr die Jungen Liberalen? Du hast Fragen zu unserem Verband? Du m\u00f6chtest wissen, wann und wo die n\u00e4chste Veranstaltung in Deiner N\u00e4he stattfindet? Oder Du suchst Kontakt zum JuLi-Kreisverband bei Dir vor Ort? Bei all dem sind wir Dir gerne behilflich. Egal ob Du konkrete inhaltliche Fragen zu unseren Themen und Positionen hast oder einfach nur den Kontakt zu uns suchst: Schreibe uns \u00fcber das unten stehende Kontaktformular\u00a0eine kurze Email und wir versuchen Dir so schnell wie m\u00f6glich weiter zu helfen. Das mag vielleicht nicht immer auf Anhieb m\u00f6glich sein, aber wir garantieren Dir, dass Du auf jede vern\u00fcnftige\u00a0Anfrage auch immer\u00a0eine R\u00fcckmeldung erh\u00e4ltst. Also schie\u00df los. Wir freuen uns von Dir zu h\u00f6ren.<\/p>\t\t\t\t\t\t\t\t<\/div>\n\t\t\t\t<\/div>\n\t\t\t\t<div class=\"elementor-element elementor-element-0bdf08a elementor-button-align-center elementor-widget elementor-widget-form\" data-id=\"0bdf08a\" data-element_type=\"widget\" data-e-type=\"widget\" data-settings=\"{&quot;step_next_label&quot;:&quot;N\\u00e4chster&quot;,&quot;step_previous_label&quot;:&quot;Voriger&quot;,&quot;button_width&quot;:&quot;100&quot;,&quot;step_type&quot;:&quot;number_text&quot;,&quot;step_icon_shape&quot;:&quot;circle&quot;}\" data-widget_type=\"form.default\">\n\t\t\t\t<div class=\"elementor-widget-container\">\n\t\t\t\t\t\t\t<form class=\"elementor-form\" method=\"post\" id=\"contactform\" name=\"Kontaktformular\" aria-label=\"Kontaktformular\">\n\t\t\t<input type=\"hidden\" name=\"post_id\" value=\"18053\"\/>\n\t\t\t<input type=\"hidden\" name=\"form_id\" value=\"0bdf08a\"\/>\n\t\t\t<input type=\"hidden\" name=\"referer_title\" value=\"Kontakt - Junge Liberale Ahrweiler\" \/>\n\n\t\t\t\t\t\t\t<input type=\"hidden\" name=\"queried_id\" value=\"18053\"\/>\n\t\t\t\n\t\t\t<div class=\"elementor-form-fields-wrapper elementor-labels-\">\n\t\t\t\t\t\t\t\t<div class=\"elementor-field-type-text elementor-field-group elementor-column elementor-field-group-name elementor-col-100\">\n\t\t\t\t\t\t\t\t\t\t\t\t<label for=\"form-field-name\" class=\"elementor-field-label elementor-screen-only\">\n\t\t\t\t\t\t\t\tName\t\t\t\t\t\t\t<\/label>\n\t\t\t\t\t\t\t\t\t\t\t\t\t\t<input size=\"1\" type=\"text\" name=\"form_fields[name]\" id=\"form-field-name\" class=\"elementor-field elementor-size-sm  elementor-field-textual\" placeholder=\"Name\">\n\t\t\t\t\t\t\t\t\t\t\t<\/div>\n\t\t\t\t\t\t\t\t<div class=\"elementor-field-type-email elementor-field-group elementor-column elementor-field-group-email elementor-col-100 elementor-field-required\">\n\t\t\t\t\t\t\t\t\t\t\t\t<label for=\"form-field-email\" class=\"elementor-field-label elementor-screen-only\">\n\t\t\t\t\t\t\t\tE-Mail\t\t\t\t\t\t\t<\/label>\n\t\t\t\t\t\t\t\t\t\t\t\t\t\t<input size=\"1\" type=\"email\" name=\"form_fields[email]\" id=\"form-field-email\" class=\"elementor-field elementor-size-sm  elementor-field-textual\" placeholder=\"E-Mail\" required=\"required\">\n\t\t\t\t\t\t\t\t\t\t\t<\/div>\n\t\t\t\t\t\t\t\t<div class=\"elementor-field-type-textarea elementor-field-group elementor-column elementor-field-group-message elementor-col-100\">\n\t\t\t\t\t\t\t\t\t\t\t\t<label for=\"form-field-message\" class=\"elementor-field-label elementor-screen-only\">\n\t\t\t\t\t\t\t\tNachricht\t\t\t\t\t\t\t<\/label>\n\t\t\t\t\t\t<textarea class=\"elementor-field-textual elementor-field  elementor-size-sm\" name=\"form_fields[message]\" id=\"form-field-message\" rows=\"4\" placeholder=\"Nachricht\"><\/textarea>\t\t\t\t<\/div>\n\t\t\t\t\t\t\t\t<div class=\"elementor-field-group elementor-column elementor-field-type-submit elementor-col-100 e-form__buttons\">\n\t\t\t\t\t<button class=\"elementor-button elementor-size-sm elementor-animation-grow-rotate\" type=\"submit\">\n\t\t\t\t\t\t<span class=\"elementor-button-content-wrapper\">\n\t\t\t\t\t\t\t\t\t\t\t\t\t\t\t\t\t\t\t\t\t\t<span class=\"elementor-button-text\">Senden<\/span>\n\t\t\t\t\t\t\t\t\t\t\t\t\t<\/span>\n\t\t\t\t\t<\/button>\n\t\t\t\t<\/div>\n\t\t\t<\/div>\n\t\t<\/form>\n\t\t\t\t\t\t<\/div>\n\t\t\t\t<\/div>\n\t\t\t\t\t<\/div>\n\t\t<\/div>\n\t\t\t\t\t<\/div>\n\t\t<\/section>\n\t\t\t\t<\/div>\n\t\t","protected":false},"excerpt":{"rendered":"<p>Kontakt Dein direkter Draht zu uns! +49 1578 5065098 ahrweiler@julisrlp.de Du interessierst Dich f\u00fcr die Jungen Liberalen? Du hast Fragen zu unserem Verband? Du m\u00f6chtest wissen, wann und wo die n\u00e4chste Veranstaltung in Deiner N\u00e4he stattfindet? Oder Du suchst Kontakt zum JuLi-Kreisverband bei Dir vor Ort? Bei all dem sind wir Dir gerne behilflich. Egal [&hellip;]<\/p>\n","protected":false},"author":4,"featured_media":0,"parent":0,"menu_order":0,"comment_status":"closed","ping_status":"closed","template":"","meta":{"footnotes":""},"class_list":["post-18053","page","type-page","status-publish","hentry"],"yoast_head":"<!-- This site is optimized with the Yoast SEO plugin v27.4 - https:\/\/yoast.com\/product\/yoast-seo-wordpress\/ -->\n<title>Kontakt - Junge Liberale Ahrweiler<\/title>\n<meta name=\"robots\" content=\"index, follow, max-snippet:-1, max-image-preview:large, max-video-preview:-1\" \/>\n<link rel=\"canonical\" href=\"https:\/\/regio.julis.de\/ahrweiler\/kontakt\/\" \/>\n<meta property=\"og:locale\" content=\"de_DE\" \/>\n<meta property=\"og:type\" content=\"article\" \/>\n<meta property=\"og:title\" content=\"Kontakt - Junge Liberale Ahrweiler\" \/>\n<meta property=\"og:description\" content=\"Kontakt Dein direkter Draht zu uns! +49 1578 5065098 ahrweiler@julisrlp.de Du interessierst Dich f\u00fcr die Jungen Liberalen? Du hast Fragen zu unserem Verband? Du m\u00f6chtest wissen, wann und wo die n\u00e4chste Veranstaltung in Deiner N\u00e4he stattfindet? Oder Du suchst Kontakt zum JuLi-Kreisverband bei Dir vor Ort? Bei all dem sind wir Dir gerne behilflich. Egal [&hellip;]\" \/>\n<meta property=\"og:url\" content=\"https:\/\/regio.julis.de\/ahrweiler\/kontakt\/\" \/>\n<meta property=\"og:site_name\" content=\"Junge Liberale Ahrweiler\" \/>\n<meta property=\"article:modified_time\" content=\"2024-02-17T19:56:21+00:00\" \/>\n<meta name=\"twitter:card\" content=\"summary_large_image\" \/>\n<meta name=\"twitter:label1\" content=\"Gesch\u00e4tzte Lesezeit\" \/>\n\t<meta name=\"twitter:data1\" content=\"1\u00a0Minute\" \/>\n<script type=\"application\/ld+json\" class=\"yoast-schema-graph\">{\"@context\":\"https:\\\/\\\/schema.org\",\"@graph\":[{\"@type\":\"WebPage\",\"@id\":\"https:\\\/\\\/regio.julis.de\\\/ahrweiler\\\/kontakt\\\/\",\"url\":\"https:\\\/\\\/regio.julis.de\\\/ahrweiler\\\/kontakt\\\/\",\"name\":\"Kontakt - Junge Liberale Ahrweiler\",\"isPartOf\":{\"@id\":\"https:\\\/\\\/regio.julis.de\\\/ahrweiler\\\/#website\"},\"datePublished\":\"2023-06-30T08:03:49+00:00\",\"dateModified\":\"2024-02-17T19:56:21+00:00\",\"breadcrumb\":{\"@id\":\"https:\\\/\\\/regio.julis.de\\\/ahrweiler\\\/kontakt\\\/#breadcrumb\"},\"inLanguage\":\"de\",\"potentialAction\":[{\"@type\":\"ReadAction\",\"target\":[\"https:\\\/\\\/regio.julis.de\\\/ahrweiler\\\/kontakt\\\/\"]}]},{\"@type\":\"BreadcrumbList\",\"@id\":\"https:\\\/\\\/regio.julis.de\\\/ahrweiler\\\/kontakt\\\/#breadcrumb\",\"itemListElement\":[{\"@type\":\"ListItem\",\"position\":1,\"name\":\"Startseite\",\"item\":\"https:\\\/\\\/regio.julis.de\\\/ahrweiler\\\/\"},{\"@type\":\"ListItem\",\"position\":2,\"name\":\"Kontakt\"}]},{\"@type\":\"WebSite\",\"@id\":\"https:\\\/\\\/regio.julis.de\\\/ahrweiler\\\/#website\",\"url\":\"https:\\\/\\\/regio.julis.de\\\/ahrweiler\\\/\",\"name\":\"Junge Liberale Ahrweiler\",\"description\":\"Deine Vertretung in der deutschen Politk\",\"publisher\":{\"@id\":\"https:\\\/\\\/regio.julis.de\\\/ahrweiler\\\/#organization\"},\"potentialAction\":[{\"@type\":\"SearchAction\",\"target\":{\"@type\":\"EntryPoint\",\"urlTemplate\":\"https:\\\/\\\/regio.julis.de\\\/ahrweiler\\\/?s={search_term_string}\"},\"query-input\":{\"@type\":\"PropertyValueSpecification\",\"valueRequired\":true,\"valueName\":\"search_term_string\"}}],\"inLanguage\":\"de\"},{\"@type\":\"Organization\",\"@id\":\"https:\\\/\\\/regio.julis.de\\\/ahrweiler\\\/#organization\",\"name\":\"Junge Liberale Ahrweiler\",\"url\":\"https:\\\/\\\/regio.julis.de\\\/ahrweiler\\\/\",\"logo\":{\"@type\":\"ImageObject\",\"inLanguage\":\"de\",\"@id\":\"https:\\\/\\\/regio.julis.de\\\/ahrweiler\\\/#\\\/schema\\\/logo\\\/image\\\/\",\"url\":\"https:\\\/\\\/regio.julis.de\\\/ahrweiler\\\/wp-content\\\/uploads\\\/sites\\\/16\\\/2022\\\/06\\\/Logo-Junge-Liberale-mgmw.png\",\"contentUrl\":\"https:\\\/\\\/regio.julis.de\\\/ahrweiler\\\/wp-content\\\/uploads\\\/sites\\\/16\\\/2022\\\/06\\\/Logo-Junge-Liberale-mgmw.png\",\"width\":1912,\"height\":1464,\"caption\":\"Junge Liberale Ahrweiler\"},\"image\":{\"@id\":\"https:\\\/\\\/regio.julis.de\\\/ahrweiler\\\/#\\\/schema\\\/logo\\\/image\\\/\"}}]}<\/script>\n<!-- \/ Yoast SEO plugin. -->","yoast_head_json":{"title":"Kontakt - Junge Liberale Ahrweiler","robots":{"index":"index","follow":"follow","max-snippet":"max-snippet:-1","max-image-preview":"max-image-preview:large","max-video-preview":"max-video-preview:-1"},"canonical":"https:\/\/regio.julis.de\/ahrweiler\/kontakt\/","og_locale":"de_DE","og_type":"article","og_title":"Kontakt - Junge Liberale Ahrweiler","og_description":"Kontakt Dein direkter Draht zu uns! +49 1578 5065098 ahrweiler@julisrlp.de Du interessierst Dich f\u00fcr die Jungen Liberalen? Du hast Fragen zu unserem Verband? Du m\u00f6chtest wissen, wann und wo die n\u00e4chste Veranstaltung in Deiner N\u00e4he stattfindet? Oder Du suchst Kontakt zum JuLi-Kreisverband bei Dir vor Ort? Bei all dem sind wir Dir gerne behilflich. Egal [&hellip;]","og_url":"https:\/\/regio.julis.de\/ahrweiler\/kontakt\/","og_site_name":"Junge Liberale Ahrweiler","article_modified_time":"2024-02-17T19:56:21+00:00","twitter_card":"summary_large_image","twitter_misc":{"Gesch\u00e4tzte Lesezeit":"1\u00a0Minute"},"schema":{"@context":"https:\/\/schema.org","@graph":[{"@type":"WebPage","@id":"https:\/\/regio.julis.de\/ahrweiler\/kontakt\/","url":"https:\/\/regio.julis.de\/ahrweiler\/kontakt\/","name":"Kontakt - Junge Liberale Ahrweiler","isPartOf":{"@id":"https:\/\/regio.julis.de\/ahrweiler\/#website"},"datePublished":"2023-06-30T08:03:49+00:00","dateModified":"2024-02-17T19:56:21+00:00","breadcrumb":{"@id":"https:\/\/regio.julis.de\/ahrweiler\/kontakt\/#breadcrumb"},"inLanguage":"de","potentialAction":[{"@type":"ReadAction","target":["https:\/\/regio.julis.de\/ahrweiler\/kontakt\/"]}]},{"@type":"BreadcrumbList","@id":"https:\/\/regio.julis.de\/ahrweiler\/kontakt\/#breadcrumb","itemListElement":[{"@type":"ListItem","position":1,"name":"Startseite","item":"https:\/\/regio.julis.de\/ahrweiler\/"},{"@type":"ListItem","position":2,"name":"Kontakt"}]},{"@type":"WebSite","@id":"https:\/\/regio.julis.de\/ahrweiler\/#website","url":"https:\/\/regio.julis.de\/ahrweiler\/","name":"Junge Liberale Ahrweiler","description":"Deine Vertretung in der deutschen Politk","publisher":{"@id":"https:\/\/regio.julis.de\/ahrweiler\/#organization"},"potentialAction":[{"@type":"SearchAction","target":{"@type":"EntryPoint","urlTemplate":"https:\/\/regio.julis.de\/ahrweiler\/?s={search_term_string}"},"query-input":{"@type":"PropertyValueSpecification","valueRequired":true,"valueName":"search_term_string"}}],"inLanguage":"de"},{"@type":"Organization","@id":"https:\/\/regio.julis.de\/ahrweiler\/#organization","name":"Junge Liberale Ahrweiler","url":"https:\/\/regio.julis.de\/ahrweiler\/","logo":{"@type":"ImageObject","inLanguage":"de","@id":"https:\/\/regio.julis.de\/ahrweiler\/#\/schema\/logo\/image\/","url":"https:\/\/regio.julis.de\/ahrweiler\/wp-content\/uploads\/sites\/16\/2022\/06\/Logo-Junge-Liberale-mgmw.png","contentUrl":"https:\/\/regio.julis.de\/ahrweiler\/wp-content\/uploads\/sites\/16\/2022\/06\/Logo-Junge-Liberale-mgmw.png","width":1912,"height":1464,"caption":"Junge Liberale Ahrweiler"},"image":{"@id":"https:\/\/regio.julis.de\/ahrweiler\/#\/schema\/logo\/image\/"}}]}},"_links":{"self":[{"href":"https:\/\/regio.julis.de\/ahrweiler\/wp-json\/wp\/v2\/pages\/18053","targetHints":{"allow":["GET"]}}],"collection":[{"href":"https:\/\/regio.julis.de\/ahrweiler\/wp-json\/wp\/v2\/pages"}],"about":[{"href":"https:\/\/regio.julis.de\/ahrweiler\/wp-json\/wp\/v2\/types\/page"}],"author":[{"embeddable":true,"href":"https:\/\/regio.julis.de\/ahrweiler\/wp-json\/wp\/v2\/users\/4"}],"replies":[{"embeddable":true,"href":"https:\/\/regio.julis.de\/ahrweiler\/wp-json\/wp\/v2\/comments?post=18053"}],"version-history":[{"count":3,"href":"https:\/\/regio.julis.de\/ahrweiler\/wp-json\/wp\/v2\/pages\/18053\/revisions"}],"predecessor-version":[{"id":21191,"href":"https:\/\/regio.julis.de\/ahrweiler\/wp-json\/wp\/v2\/pages\/18053\/revisions\/21191"}],"wp:attachment":[{"href":"https:\/\/regio.julis.de\/ahrweiler\/wp-json\/wp\/v2\/media?parent=18053"}],"curies":[{"name":"wp","href":"https:\/\/api.w.org\/{rel}","templated":true}]}}