{"id":114,"date":"2023-06-01T15:31:39","date_gmt":"2023-06-01T13:31:39","guid":{"rendered":"https:\/\/regio.julis.de\/ahrweiler\/?page_id=114"},"modified":"2024-02-17T18:55:21","modified_gmt":"2024-02-17T17:55:21","slug":"wie-du-mitmachst","status":"publish","type":"page","link":"https:\/\/regio.julis.de\/ahrweiler\/wie-du-mitmachst\/","title":{"rendered":"Wie du mitmachst"},"content":{"rendered":"\t\t<div data-elementor-type=\"wp-page\" data-elementor-id=\"114\" class=\"elementor elementor-114\" data-elementor-post-type=\"page\">\n\t\t\t\t\t\t<section class=\"elementor-section elementor-top-section elementor-element elementor-element-3aa671c7 elementor-section-boxed elementor-section-height-default elementor-section-height-default\" data-id=\"3aa671c7\" data-element_type=\"section\" data-e-type=\"section\">\n\t\t\t\t\t\t<div class=\"elementor-container elementor-column-gap-default\">\n\t\t\t\t\t<div class=\"elementor-column elementor-col-100 elementor-top-column elementor-element elementor-element-40fa8f76\" data-id=\"40fa8f76\" data-element_type=\"column\" data-e-type=\"column\">\n\t\t\t<div class=\"elementor-widget-wrap elementor-element-populated\">\n\t\t\t\t\t\t<div class=\"elementor-element elementor-element-4311067e e-transform elementor-widget elementor-widget-button\" data-id=\"4311067e\" data-element_type=\"widget\" data-e-type=\"widget\" data-settings=\"{&quot;_animation&quot;:&quot;none&quot;,&quot;_transform_rotateZ_effect&quot;:{&quot;unit&quot;:&quot;px&quot;,&quot;size&quot;:&quot;-7&quot;,&quot;sizes&quot;:[]},&quot;_transform_rotateZ_effect_tablet&quot;:{&quot;unit&quot;:&quot;deg&quot;,&quot;size&quot;:&quot;&quot;,&quot;sizes&quot;:[]},&quot;_transform_rotateZ_effect_mobile&quot;:{&quot;unit&quot;:&quot;deg&quot;,&quot;size&quot;:&quot;&quot;,&quot;sizes&quot;:[]}}\" data-widget_type=\"button.default\">\n\t\t\t\t<div class=\"elementor-widget-container\">\n\t\t\t\t\t\t\t\t\t<div class=\"elementor-button-wrapper\">\n\t\t\t\t\t<a class=\"elementor-button elementor-size-sm\" role=\"button\">\n\t\t\t\t\t\t<span class=\"elementor-button-content-wrapper\">\n\t\t\t\t\t\t\t\t\t<span class=\"elementor-button-text\">Wie du mitmachst<\/span>\n\t\t\t\t\t<\/span>\n\t\t\t\t\t<\/a>\n\t\t\t\t<\/div>\n\t\t\t\t\t\t\t\t<\/div>\n\t\t\t\t<\/div>\n\t\t\t\t<div class=\"elementor-element elementor-element-4bb1aa9c e-transform elementor-widget__width-initial elementor-widget elementor-widget-heading\" data-id=\"4bb1aa9c\" data-element_type=\"widget\" data-e-type=\"widget\" data-settings=\"{&quot;_transform_rotateZ_effect&quot;:{&quot;unit&quot;:&quot;px&quot;,&quot;size&quot;:&quot;-7&quot;,&quot;sizes&quot;:[]},&quot;_transform_rotateZ_effect_tablet&quot;:{&quot;unit&quot;:&quot;deg&quot;,&quot;size&quot;:&quot;&quot;,&quot;sizes&quot;:[]},&quot;_transform_rotateZ_effect_mobile&quot;:{&quot;unit&quot;:&quot;deg&quot;,&quot;size&quot;:&quot;&quot;,&quot;sizes&quot;:[]}}\" data-widget_type=\"heading.default\">\n\t\t\t\t<div class=\"elementor-widget-container\">\n\t\t\t\t\t<h1 class=\"elementor-heading-title elementor-size-default\">Nimm an Events teil und Connecte Dich mit coolen Leuten! <\/h1>\t\t\t\t<\/div>\n\t\t\t\t<\/div>\n\t\t\t\t\t<\/div>\n\t\t<\/div>\n\t\t\t\t\t<\/div>\n\t\t<\/section>\n\t\t\t\t<section class=\"elementor-section elementor-top-section elementor-element elementor-element-9375e86 elementor-section-boxed elementor-section-height-default elementor-section-height-default\" data-id=\"9375e86\" data-element_type=\"section\" data-e-type=\"section\" id=\"soft-yellow-section\">\n\t\t\t\t\t\t<div class=\"elementor-container elementor-column-gap-default\">\n\t\t\t\t\t<div class=\"elementor-column elementor-col-100 elementor-top-column elementor-element elementor-element-5b18c6e\" data-id=\"5b18c6e\" data-element_type=\"column\" data-e-type=\"column\">\n\t\t\t<div class=\"elementor-widget-wrap elementor-element-populated\">\n\t\t\t\t\t\t<div class=\"elementor-element elementor-element-9db2913 elementor-widget elementor-widget-text-editor\" data-id=\"9db2913\" data-element_type=\"widget\" data-e-type=\"widget\" data-widget_type=\"text-editor.default\">\n\t\t\t\t<div class=\"elementor-widget-container\">\n\t\t\t\t\t\t\t\t\t<p>Es gibt viele M\u00f6glichkeiten, sich bei uns einzubringen: Auf kommunaler Ebene bei den JuLis Ahrweiler, auf Landesebene bei den JuLis Rheinland-Pfalz oder auf der Bundesebene der JuLis. Weitere Infos zu den unterschiedlichen M\u00f6glichkeiten findest du weiter unten.<\/p>\t\t\t\t\t\t\t\t<\/div>\n\t\t\t\t<\/div>\n\t\t\t\t\t<\/div>\n\t\t<\/div>\n\t\t\t\t\t<\/div>\n\t\t<\/section>\n\t\t\t\t<section class=\"elementor-section elementor-top-section elementor-element elementor-element-c7af97c elementor-section-boxed elementor-section-height-default elementor-section-height-default\" data-id=\"c7af97c\" data-element_type=\"section\" data-e-type=\"section\" id=\"soft-magenta-section\">\n\t\t\t\t\t\t<div class=\"elementor-container elementor-column-gap-default\">\n\t\t\t\t\t<div class=\"elementor-column elementor-col-100 elementor-top-column elementor-element elementor-element-1d67fa7\" data-id=\"1d67fa7\" data-element_type=\"column\" data-e-type=\"column\">\n\t\t\t<div class=\"elementor-widget-wrap elementor-element-populated\">\n\t\t\t\t\t\t<div class=\"elementor-element elementor-element-7ed54de e-transform elementor-widget__width-initial elementor-widget elementor-widget-heading\" data-id=\"7ed54de\" data-element_type=\"widget\" data-e-type=\"widget\" data-settings=\"{&quot;_transform_rotateZ_effect&quot;:{&quot;unit&quot;:&quot;px&quot;,&quot;size&quot;:&quot;-7&quot;,&quot;sizes&quot;:[]},&quot;_transform_rotateZ_effect_tablet&quot;:{&quot;unit&quot;:&quot;deg&quot;,&quot;size&quot;:&quot;&quot;,&quot;sizes&quot;:[]},&quot;_transform_rotateZ_effect_mobile&quot;:{&quot;unit&quot;:&quot;deg&quot;,&quot;size&quot;:&quot;&quot;,&quot;sizes&quot;:[]}}\" data-widget_type=\"heading.default\">\n\t\t\t\t<div class=\"elementor-widget-container\">\n\t\t\t\t\t<h2 class=\"elementor-heading-title elementor-size-default\">Finde heraus, wie Du Dich am besten einbringen kannst!<\/h2>\t\t\t\t<\/div>\n\t\t\t\t<\/div>\n\t\t\t\t<div class=\"elementor-element elementor-element-6f23948 elementor-widget elementor-widget-jet-tabs\" data-id=\"6f23948\" data-element_type=\"widget\" data-e-type=\"widget\" data-settings=\"{&quot;tabs_position&quot;:&quot;left&quot;,&quot;tabs_position_mobile&quot;:&quot;top&quot;,&quot;no_active_tabs&quot;:&quot;false&quot;}\" data-widget_type=\"jet-tabs.default\">\n\t\t\t\t<div class=\"elementor-widget-container\">\n\t\t\t\t\t\n\t\t<div class=\"jet-tabs jet-tabs-position-left jet-tabs-fade-effect \" data-settings=\"{&quot;activeIndex&quot;:0,&quot;event&quot;:&quot;click&quot;,&quot;autoSwitch&quot;:false,&quot;autoSwitchDelay&quot;:3000,&quot;ajaxTemplate&quot;:false,&quot;tabsPosition&quot;:&quot;left&quot;,&quot;switchScrolling&quot;:false,&quot;switchScrollingOffset&quot;:0}\">\n\t\t\t<div class=\"jet-tabs__control-wrapper \" role=\"tablist\">\n                                    <div id=\"jet-tabs-control-1161\" class=\"jet-tabs__control jet-tabs__control-icon-right elementor-menu-anchor active-tab \" data-tab=\"1\" tabindex=\"0\" role=\"tab\" aria-controls=\"jet-tabs-content-1161\" aria-expanded=\"true\" data-template-id=\"false\"><div class=\"jet-tabs__control-inner\"><div class=\"jet-tabs__label-text\">Kommunale Ebene<\/div><div class=\"jet-tabs__label-icon jet-tabs-icon\"><i class=\"fas fa-arrow-right\"><\/i><\/div><\/div><\/div><div id=\"jet-tabs-control-1162\" class=\"jet-tabs__control jet-tabs__control-icon-right elementor-menu-anchor  \" data-tab=\"2\" tabindex=\"0\" role=\"tab\" aria-controls=\"jet-tabs-content-1162\" aria-expanded=\"false\" data-template-id=\"false\"><div class=\"jet-tabs__control-inner\"><div class=\"jet-tabs__label-text\">Landesebene<\/div><div class=\"jet-tabs__label-icon jet-tabs-icon\"><i class=\"fas fa-arrow-right\"><\/i><\/div><\/div><\/div><div id=\"jet-tabs-control-1163\" class=\"jet-tabs__control jet-tabs__control-icon-right elementor-menu-anchor  \" data-tab=\"3\" tabindex=\"0\" role=\"tab\" aria-controls=\"jet-tabs-content-1163\" aria-expanded=\"false\" data-template-id=\"false\"><div class=\"jet-tabs__control-inner\"><div class=\"jet-tabs__label-text\">Bundesebene<\/div><div class=\"jet-tabs__label-icon jet-tabs-icon\"><i class=\"fas fa-arrow-right\"><\/i><\/div><\/div><\/div>\n                    \t\t\t    <\/div>\n\t\t\t<div class=\"jet-tabs__content-wrapper\">\n\t\t\t\t<div id=\"jet-tabs-content-1161\" class=\"jet-tabs__content active-content\" data-tab=\"1\" role=\"tabpanel\" aria-hidden=\"false\" data-template-id=\"false\"><p>Schau gerne mal bei unseren monatlichen Vorstandssitzungen vorbei. Dort kannst du inhaltlich an der Tagespolitik mitarbeiten. Falls dir das gef\u00e4llt, kannst du auch Mitglied bei uns werden. Dann kannst du als stimmberechtigtes Mitglied an unserem j\u00e4hrlichen Kreiskongress teilnehmen und durch Wahlen und Abstimmungen den Kreisverband mitgestalten. Au\u00dferdem kannst du jederzeit Antr\u00e4ge zu politischen Themen stellen, \u00fcber welche abgestimmt wird und die dann zur offiziellen Beschlusslage der JuLis Ahrweiler werden k\u00f6nnen. Au\u00dferdem kannst du selbstverst\u00e4ndlich selber Teil des Vorstands werden und deine Ideen einbringen. Wir freuen uns auf dich!<\/p><\/div><div id=\"jet-tabs-content-1162\" class=\"jet-tabs__content \" data-tab=\"2\" role=\"tabpanel\" aria-hidden=\"true\" data-template-id=\"false\"><p>Falls du bereits Mitglied bei den JuLis bist, kannst du an den Landeskongressen der JuLis Rheinland-Pfalz teilnehmen. Dort wird \u00fcber zuvor gestellte Antr\u00e4ge abgestimmt und in regelm\u00e4\u00dfigen Zeitr\u00e4umen ein neuer Vorstand gew\u00e4hlt. Sehr gerne kannst du dich auch dabei aktiv einbringen, indem du mitdiskutierst, Antr\u00e4ge oder \u00c4nderungsantr\u00e4ge stellst oder f\u00fcr den Landesvorstand kandidierst. Neben dem Landeskongress hast du auch noch die M\u00f6glichkeit dich an Landesarbeitskreisen zu einzelnen politischen Themenfeldern zu beteiligen.<\/p><\/div><div id=\"jet-tabs-content-1163\" class=\"jet-tabs__content \" data-tab=\"3\" role=\"tabpanel\" aria-hidden=\"true\" data-template-id=\"false\"><p>Auf Bundesebene gibt es schlie\u00dflich den Bundeskongress, welcher quasi so abl\u00e4uft wie der Landeskongress. Wie auch auf der Landesebene gibt es hier die sogenannten Bundesarbeitskreise, bei welchen du dich ebenfalls aktiv beteiligen kannst.<\/p><\/div>\t\t\t<\/div>\n\t\t\t\t\t<\/div>\n\t\t\t\t\t\t<\/div>\n\t\t\t\t<\/div>\n\t\t\t\t\t<\/div>\n\t\t<\/div>\n\t\t\t\t\t<\/div>\n\t\t<\/section>\n\t\t\t\t<section class=\"elementor-section elementor-top-section elementor-element elementor-element-803ce51 elementor-section-full_width elementor-section-height-default elementor-section-height-default\" data-id=\"803ce51\" data-element_type=\"section\" data-e-type=\"section\" id=\"soft-magenta-section\" data-settings=\"{&quot;background_background&quot;:&quot;classic&quot;}\">\n\t\t\t\t\t\t<div class=\"elementor-container elementor-column-gap-default\">\n\t\t\t\t\t<div class=\"elementor-column elementor-col-100 elementor-top-column elementor-element elementor-element-5ee33fd\" data-id=\"5ee33fd\" data-element_type=\"column\" data-e-type=\"column\">\n\t\t\t<div class=\"elementor-widget-wrap elementor-element-populated\">\n\t\t\t\t\t\t<div class=\"elementor-element elementor-element-aba7d52 elementor-widget elementor-widget-jet-carousel\" data-id=\"aba7d52\" data-element_type=\"widget\" data-e-type=\"widget\" data-settings=\"{&quot;slides_to_show_tablet&quot;:&quot;2&quot;,&quot;slides_to_show_mobile&quot;:&quot;1&quot;,&quot;slides_to_show&quot;:&quot;3&quot;,&quot;slides_to_scroll&quot;:&quot;1&quot;}\" data-widget_type=\"jet-carousel.default\">\n\t\t\t\t<div class=\"elementor-widget-container\">\n\t\t\t\t\t<div class=\"elementor-jet-carousel jet-elements\"><div class=\"jet-carousel-wrap\">\n\t<div class=\"jet-carousel\" data-slider_options=\"{&quot;autoplaySpeed&quot;:5000,&quot;autoplay&quot;:true,&quot;infinite&quot;:true,&quot;centerMode&quot;:false,&quot;centerPadding&quot;:&quot;50px&quot;,&quot;pauseOnHover&quot;:false,&quot;speed&quot;:500,&quot;arrows&quot;:true,&quot;dots&quot;:true,&quot;variableWidth&quot;:false,&quot;prevArrow&quot;:&quot;.jet-carousel__prev-arrow-aba7d52&quot;,&quot;nextArrow&quot;:&quot;.jet-carousel__next-arrow-aba7d52&quot;,&quot;rtl&quot;:false,&quot;fractionNav&quot;:false}\" dir=\"ltr\">\n\t<div class=\"elementor-slick-slider\">\n\n<div class=\"jet-carousel__item\">\n\t<div class=\"jet-carousel__item-inner\"><a href=\"https:\/\/regio.julis.de\/ahrweiler\/wp-content\/uploads\/sites\/16\/2023\/11\/IMG-20221211-WA0010.jpg\" class=\"jet-carousel__item-link\" data-elementor-open-lightbox=\"yes\" data-elementor-lightbox-slideshow=\"aba7d52\" data-elementor-lightbox-title=\"\" data-elementor-lightbox-description=\"\"><img decoding=\"async\" src=\"https:\/\/regio.julis.de\/ahrweiler\/wp-content\/uploads\/sites\/16\/2023\/11\/IMG-20221211-WA0010-768x577.jpg\" class=\"jet-carousel__item-img\" alt=\"IMG-20221211-WA0010\" loading=\"lazy\"><\/a><div class=\"jet-carousel__content\"><\/div><\/div>\n<\/div>\n\n<div class=\"jet-carousel__item\">\n\t<div class=\"jet-carousel__item-inner\"><a href=\"https:\/\/regio.julis.de\/ahrweiler\/wp-content\/uploads\/sites\/16\/2023\/11\/DSC00021-min-scaled.jpg\" class=\"jet-carousel__item-link\" data-elementor-open-lightbox=\"yes\" data-elementor-lightbox-slideshow=\"aba7d52\" data-elementor-lightbox-title=\"\" data-elementor-lightbox-description=\"\"><img decoding=\"async\" src=\"https:\/\/regio.julis.de\/ahrweiler\/wp-content\/uploads\/sites\/16\/2023\/11\/DSC00021-min-768x512.jpg\" class=\"jet-carousel__item-img\" alt=\"DSC00021-min\" loading=\"lazy\"><\/a><div class=\"jet-carousel__content\"><\/div><\/div>\n<\/div>\n\n<div class=\"jet-carousel__item\">\n\t<div class=\"jet-carousel__item-inner\"><a href=\"https:\/\/regio.julis.de\/ahrweiler\/wp-content\/uploads\/sites\/16\/2023\/11\/IMG-20230326-WA0006.jpg\" class=\"jet-carousel__item-link\" data-elementor-open-lightbox=\"yes\" data-elementor-lightbox-slideshow=\"aba7d52\" data-elementor-lightbox-title=\"\" data-elementor-lightbox-description=\"\"><img decoding=\"async\" src=\"https:\/\/regio.julis.de\/ahrweiler\/wp-content\/uploads\/sites\/16\/2023\/11\/IMG-20230326-WA0006-768x576.jpg\" class=\"jet-carousel__item-img\" alt=\"IMG-20230326-WA0006\" loading=\"lazy\"><\/a><div class=\"jet-carousel__content\"><\/div><\/div>\n<\/div>\n\n<div class=\"jet-carousel__item\">\n\t<div class=\"jet-carousel__item-inner\"><a href=\"https:\/\/regio.julis.de\/ahrweiler\/wp-content\/uploads\/sites\/16\/2023\/11\/Snapinsta.app_404928924_294406592935480_2643551942869484943_n_1080.jpg\" class=\"jet-carousel__item-link\" data-elementor-open-lightbox=\"yes\" data-elementor-lightbox-slideshow=\"aba7d52\" data-elementor-lightbox-title=\"\" data-elementor-lightbox-description=\"\"><img decoding=\"async\" src=\"https:\/\/regio.julis.de\/ahrweiler\/wp-content\/uploads\/sites\/16\/2023\/11\/Snapinsta.app_404928924_294406592935480_2643551942869484943_n_1080-768x538.jpg\" class=\"jet-carousel__item-img\" alt=\"Snapinsta.app_404928924_294406592935480_2643551942869484943_n_1080\" loading=\"lazy\"><\/a><div class=\"jet-carousel__content\"><\/div><\/div>\n<\/div>\n\n<div class=\"jet-carousel__item\">\n\t<div class=\"jet-carousel__item-inner\"><a href=\"https:\/\/regio.julis.de\/ahrweiler\/wp-content\/uploads\/sites\/16\/2024\/02\/IMG-20231126-WA0005-scaled.jpg\" class=\"jet-carousel__item-link\" data-elementor-open-lightbox=\"yes\" data-elementor-lightbox-slideshow=\"aba7d52\" data-elementor-lightbox-title=\"\" data-elementor-lightbox-description=\"\"><img decoding=\"async\" src=\"https:\/\/regio.julis.de\/ahrweiler\/wp-content\/uploads\/sites\/16\/2024\/02\/IMG-20231126-WA0005-768x578.jpg\" class=\"jet-carousel__item-img\" alt=\"IMG-20231126-WA0005\" loading=\"lazy\"><\/a><div class=\"jet-carousel__content\"><\/div><\/div>\n<\/div>\n\n<div class=\"jet-carousel__item\">\n\t<div class=\"jet-carousel__item-inner\"><a href=\"https:\/\/regio.julis.de\/ahrweiler\/wp-content\/uploads\/sites\/16\/2022\/06\/Logo-Junge-Liberale-mgmw.png\" class=\"jet-carousel__item-link\" data-elementor-open-lightbox=\"yes\" data-elementor-lightbox-slideshow=\"aba7d52\" data-elementor-lightbox-title=\"\" data-elementor-lightbox-description=\"\"><img decoding=\"async\" src=\"https:\/\/regio.julis.de\/ahrweiler\/wp-content\/uploads\/sites\/16\/2022\/06\/Logo-Junge-Liberale-mgmw-768x588.png\" class=\"jet-carousel__item-img\" alt=\"Logo-Junge-Liberale-mgmw\" loading=\"lazy\"><\/a><div class=\"jet-carousel__content\"><\/div><\/div>\n<\/div>\n<\/div><div class=\"jet-carousel__prev-arrow-aba7d52 jet-arrow prev-arrow\"><i aria-hidden=\"true\" class=\"fas fa-angle-left\"><\/i><\/div><div class=\"jet-carousel__next-arrow-aba7d52 jet-arrow next-arrow\"><i aria-hidden=\"true\" class=\"fas fa-angle-right\"><\/i><\/div><\/div>\n<\/div>\n<\/div>\t\t\t\t<\/div>\n\t\t\t\t<\/div>\n\t\t\t\t\t<\/div>\n\t\t<\/div>\n\t\t\t\t\t<\/div>\n\t\t<\/section>\n\t\t\t\t<\/div>\n\t\t","protected":false},"excerpt":{"rendered":"<p>Wie du mitmachst Nimm an Events teil und Connecte Dich mit coolen Leuten! Es gibt viele M\u00f6glichkeiten, sich bei uns einzubringen: Auf kommunaler Ebene bei den JuLis Ahrweiler, auf Landesebene bei den JuLis Rheinland-Pfalz oder auf der Bundesebene der JuLis. Weitere Infos zu den unterschiedlichen M\u00f6glichkeiten findest du weiter unten. Finde heraus, wie Du Dich [&hellip;]<\/p>\n","protected":false},"author":4,"featured_media":0,"parent":0,"menu_order":0,"comment_status":"closed","ping_status":"closed","template":"","meta":{"footnotes":""},"class_list":["post-114","page","type-page","status-publish","hentry"],"yoast_head":"<!-- This site is optimized with the Yoast SEO plugin v27.4 - https:\/\/yoast.com\/product\/yoast-seo-wordpress\/ -->\n<title>Wie du mitmachst - Junge Liberale Ahrweiler<\/title>\n<meta name=\"robots\" content=\"index, follow, max-snippet:-1, max-image-preview:large, max-video-preview:-1\" \/>\n<link rel=\"canonical\" href=\"https:\/\/regio.julis.de\/ahrweiler\/wie-du-mitmachst\/\" \/>\n<meta property=\"og:locale\" content=\"de_DE\" \/>\n<meta property=\"og:type\" content=\"article\" \/>\n<meta property=\"og:title\" content=\"Wie du mitmachst - Junge Liberale Ahrweiler\" \/>\n<meta property=\"og:description\" content=\"Wie du mitmachst Nimm an Events teil und Connecte Dich mit coolen Leuten! Es gibt viele M\u00f6glichkeiten, sich bei uns einzubringen: Auf kommunaler Ebene bei den JuLis Ahrweiler, auf Landesebene bei den JuLis Rheinland-Pfalz oder auf der Bundesebene der JuLis. Weitere Infos zu den unterschiedlichen M\u00f6glichkeiten findest du weiter unten. Finde heraus, wie Du Dich [&hellip;]\" \/>\n<meta property=\"og:url\" content=\"https:\/\/regio.julis.de\/ahrweiler\/wie-du-mitmachst\/\" \/>\n<meta property=\"og:site_name\" content=\"Junge Liberale Ahrweiler\" \/>\n<meta property=\"article:modified_time\" content=\"2024-02-17T17:55:21+00:00\" \/>\n<meta property=\"og:image\" content=\"https:\/\/regio.julis.de\/ahrweiler\/wp-content\/uploads\/sites\/16\/2023\/11\/IMG-20221211-WA0010-768x577.jpg\" \/>\n<meta name=\"twitter:card\" content=\"summary_large_image\" \/>\n<meta name=\"twitter:label1\" content=\"Gesch\u00e4tzte Lesezeit\" \/>\n\t<meta name=\"twitter:data1\" content=\"5\u00a0Minuten\" \/>\n<script type=\"application\/ld+json\" class=\"yoast-schema-graph\">{\"@context\":\"https:\\\/\\\/schema.org\",\"@graph\":[{\"@type\":\"WebPage\",\"@id\":\"https:\\\/\\\/regio.julis.de\\\/ahrweiler\\\/wie-du-mitmachst\\\/\",\"url\":\"https:\\\/\\\/regio.julis.de\\\/ahrweiler\\\/wie-du-mitmachst\\\/\",\"name\":\"Wie du mitmachst - Junge Liberale Ahrweiler\",\"isPartOf\":{\"@id\":\"https:\\\/\\\/regio.julis.de\\\/ahrweiler\\\/#website\"},\"primaryImageOfPage\":{\"@id\":\"https:\\\/\\\/regio.julis.de\\\/ahrweiler\\\/wie-du-mitmachst\\\/#primaryimage\"},\"image\":{\"@id\":\"https:\\\/\\\/regio.julis.de\\\/ahrweiler\\\/wie-du-mitmachst\\\/#primaryimage\"},\"thumbnailUrl\":\"https:\\\/\\\/regio.julis.de\\\/ahrweiler\\\/wp-content\\\/uploads\\\/sites\\\/16\\\/2023\\\/11\\\/IMG-20221211-WA0010-768x577.jpg\",\"datePublished\":\"2023-06-01T13:31:39+00:00\",\"dateModified\":\"2024-02-17T17:55:21+00:00\",\"breadcrumb\":{\"@id\":\"https:\\\/\\\/regio.julis.de\\\/ahrweiler\\\/wie-du-mitmachst\\\/#breadcrumb\"},\"inLanguage\":\"de\",\"potentialAction\":[{\"@type\":\"ReadAction\",\"target\":[\"https:\\\/\\\/regio.julis.de\\\/ahrweiler\\\/wie-du-mitmachst\\\/\"]}]},{\"@type\":\"ImageObject\",\"inLanguage\":\"de\",\"@id\":\"https:\\\/\\\/regio.julis.de\\\/ahrweiler\\\/wie-du-mitmachst\\\/#primaryimage\",\"url\":\"https:\\\/\\\/regio.julis.de\\\/ahrweiler\\\/wp-content\\\/uploads\\\/sites\\\/16\\\/2023\\\/11\\\/IMG-20221211-WA0010.jpg\",\"contentUrl\":\"https:\\\/\\\/regio.julis.de\\\/ahrweiler\\\/wp-content\\\/uploads\\\/sites\\\/16\\\/2023\\\/11\\\/IMG-20221211-WA0010.jpg\",\"width\":2048,\"height\":1539},{\"@type\":\"BreadcrumbList\",\"@id\":\"https:\\\/\\\/regio.julis.de\\\/ahrweiler\\\/wie-du-mitmachst\\\/#breadcrumb\",\"itemListElement\":[{\"@type\":\"ListItem\",\"position\":1,\"name\":\"Startseite\",\"item\":\"https:\\\/\\\/regio.julis.de\\\/ahrweiler\\\/\"},{\"@type\":\"ListItem\",\"position\":2,\"name\":\"Wie du mitmachst\"}]},{\"@type\":\"WebSite\",\"@id\":\"https:\\\/\\\/regio.julis.de\\\/ahrweiler\\\/#website\",\"url\":\"https:\\\/\\\/regio.julis.de\\\/ahrweiler\\\/\",\"name\":\"Junge Liberale Ahrweiler\",\"description\":\"Deine Vertretung in der deutschen Politk\",\"publisher\":{\"@id\":\"https:\\\/\\\/regio.julis.de\\\/ahrweiler\\\/#organization\"},\"potentialAction\":[{\"@type\":\"SearchAction\",\"target\":{\"@type\":\"EntryPoint\",\"urlTemplate\":\"https:\\\/\\\/regio.julis.de\\\/ahrweiler\\\/?s={search_term_string}\"},\"query-input\":{\"@type\":\"PropertyValueSpecification\",\"valueRequired\":true,\"valueName\":\"search_term_string\"}}],\"inLanguage\":\"de\"},{\"@type\":\"Organization\",\"@id\":\"https:\\\/\\\/regio.julis.de\\\/ahrweiler\\\/#organization\",\"name\":\"Junge Liberale Ahrweiler\",\"url\":\"https:\\\/\\\/regio.julis.de\\\/ahrweiler\\\/\",\"logo\":{\"@type\":\"ImageObject\",\"inLanguage\":\"de\",\"@id\":\"https:\\\/\\\/regio.julis.de\\\/ahrweiler\\\/#\\\/schema\\\/logo\\\/image\\\/\",\"url\":\"https:\\\/\\\/regio.julis.de\\\/ahrweiler\\\/wp-content\\\/uploads\\\/sites\\\/16\\\/2022\\\/06\\\/Logo-Junge-Liberale-mgmw.png\",\"contentUrl\":\"https:\\\/\\\/regio.julis.de\\\/ahrweiler\\\/wp-content\\\/uploads\\\/sites\\\/16\\\/2022\\\/06\\\/Logo-Junge-Liberale-mgmw.png\",\"width\":1912,\"height\":1464,\"caption\":\"Junge Liberale Ahrweiler\"},\"image\":{\"@id\":\"https:\\\/\\\/regio.julis.de\\\/ahrweiler\\\/#\\\/schema\\\/logo\\\/image\\\/\"}}]}<\/script>\n<!-- \/ Yoast SEO plugin. -->","yoast_head_json":{"title":"Wie du mitmachst - Junge Liberale Ahrweiler","robots":{"index":"index","follow":"follow","max-snippet":"max-snippet:-1","max-image-preview":"max-image-preview:large","max-video-preview":"max-video-preview:-1"},"canonical":"https:\/\/regio.julis.de\/ahrweiler\/wie-du-mitmachst\/","og_locale":"de_DE","og_type":"article","og_title":"Wie du mitmachst - Junge Liberale Ahrweiler","og_description":"Wie du mitmachst Nimm an Events teil und Connecte Dich mit coolen Leuten! Es gibt viele M\u00f6glichkeiten, sich bei uns einzubringen: Auf kommunaler Ebene bei den JuLis Ahrweiler, auf Landesebene bei den JuLis Rheinland-Pfalz oder auf der Bundesebene der JuLis. Weitere Infos zu den unterschiedlichen M\u00f6glichkeiten findest du weiter unten. Finde heraus, wie Du Dich [&hellip;]","og_url":"https:\/\/regio.julis.de\/ahrweiler\/wie-du-mitmachst\/","og_site_name":"Junge Liberale Ahrweiler","article_modified_time":"2024-02-17T17:55:21+00:00","og_image":[{"url":"https:\/\/regio.julis.de\/ahrweiler\/wp-content\/uploads\/sites\/16\/2023\/11\/IMG-20221211-WA0010-768x577.jpg","type":"","width":"","height":""}],"twitter_card":"summary_large_image","twitter_misc":{"Gesch\u00e4tzte Lesezeit":"5\u00a0Minuten"},"schema":{"@context":"https:\/\/schema.org","@graph":[{"@type":"WebPage","@id":"https:\/\/regio.julis.de\/ahrweiler\/wie-du-mitmachst\/","url":"https:\/\/regio.julis.de\/ahrweiler\/wie-du-mitmachst\/","name":"Wie du mitmachst - Junge Liberale Ahrweiler","isPartOf":{"@id":"https:\/\/regio.julis.de\/ahrweiler\/#website"},"primaryImageOfPage":{"@id":"https:\/\/regio.julis.de\/ahrweiler\/wie-du-mitmachst\/#primaryimage"},"image":{"@id":"https:\/\/regio.julis.de\/ahrweiler\/wie-du-mitmachst\/#primaryimage"},"thumbnailUrl":"https:\/\/regio.julis.de\/ahrweiler\/wp-content\/uploads\/sites\/16\/2023\/11\/IMG-20221211-WA0010-768x577.jpg","datePublished":"2023-06-01T13:31:39+00:00","dateModified":"2024-02-17T17:55:21+00:00","breadcrumb":{"@id":"https:\/\/regio.julis.de\/ahrweiler\/wie-du-mitmachst\/#breadcrumb"},"inLanguage":"de","potentialAction":[{"@type":"ReadAction","target":["https:\/\/regio.julis.de\/ahrweiler\/wie-du-mitmachst\/"]}]},{"@type":"ImageObject","inLanguage":"de","@id":"https:\/\/regio.julis.de\/ahrweiler\/wie-du-mitmachst\/#primaryimage","url":"https:\/\/regio.julis.de\/ahrweiler\/wp-content\/uploads\/sites\/16\/2023\/11\/IMG-20221211-WA0010.jpg","contentUrl":"https:\/\/regio.julis.de\/ahrweiler\/wp-content\/uploads\/sites\/16\/2023\/11\/IMG-20221211-WA0010.jpg","width":2048,"height":1539},{"@type":"BreadcrumbList","@id":"https:\/\/regio.julis.de\/ahrweiler\/wie-du-mitmachst\/#breadcrumb","itemListElement":[{"@type":"ListItem","position":1,"name":"Startseite","item":"https:\/\/regio.julis.de\/ahrweiler\/"},{"@type":"ListItem","position":2,"name":"Wie du mitmachst"}]},{"@type":"WebSite","@id":"https:\/\/regio.julis.de\/ahrweiler\/#website","url":"https:\/\/regio.julis.de\/ahrweiler\/","name":"Junge Liberale Ahrweiler","description":"Deine Vertretung in der deutschen Politk","publisher":{"@id":"https:\/\/regio.julis.de\/ahrweiler\/#organization"},"potentialAction":[{"@type":"SearchAction","target":{"@type":"EntryPoint","urlTemplate":"https:\/\/regio.julis.de\/ahrweiler\/?s={search_term_string}"},"query-input":{"@type":"PropertyValueSpecification","valueRequired":true,"valueName":"search_term_string"}}],"inLanguage":"de"},{"@type":"Organization","@id":"https:\/\/regio.julis.de\/ahrweiler\/#organization","name":"Junge Liberale Ahrweiler","url":"https:\/\/regio.julis.de\/ahrweiler\/","logo":{"@type":"ImageObject","inLanguage":"de","@id":"https:\/\/regio.julis.de\/ahrweiler\/#\/schema\/logo\/image\/","url":"https:\/\/regio.julis.de\/ahrweiler\/wp-content\/uploads\/sites\/16\/2022\/06\/Logo-Junge-Liberale-mgmw.png","contentUrl":"https:\/\/regio.julis.de\/ahrweiler\/wp-content\/uploads\/sites\/16\/2022\/06\/Logo-Junge-Liberale-mgmw.png","width":1912,"height":1464,"caption":"Junge Liberale Ahrweiler"},"image":{"@id":"https:\/\/regio.julis.de\/ahrweiler\/#\/schema\/logo\/image\/"}}]}},"_links":{"self":[{"href":"https:\/\/regio.julis.de\/ahrweiler\/wp-json\/wp\/v2\/pages\/114","targetHints":{"allow":["GET"]}}],"collection":[{"href":"https:\/\/regio.julis.de\/ahrweiler\/wp-json\/wp\/v2\/pages"}],"about":[{"href":"https:\/\/regio.julis.de\/ahrweiler\/wp-json\/wp\/v2\/types\/page"}],"author":[{"embeddable":true,"href":"https:\/\/regio.julis.de\/ahrweiler\/wp-json\/wp\/v2\/users\/4"}],"replies":[{"embeddable":true,"href":"https:\/\/regio.julis.de\/ahrweiler\/wp-json\/wp\/v2\/comments?post=114"}],"version-history":[{"count":6,"href":"https:\/\/regio.julis.de\/ahrweiler\/wp-json\/wp\/v2\/pages\/114\/revisions"}],"predecessor-version":[{"id":21157,"href":"https:\/\/regio.julis.de\/ahrweiler\/wp-json\/wp\/v2\/pages\/114\/revisions\/21157"}],"wp:attachment":[{"href":"https:\/\/regio.julis.de\/ahrweiler\/wp-json\/wp\/v2\/media?parent=114"}],"curies":[{"name":"wp","href":"https:\/\/api.w.org\/{rel}","templated":true}]}}